{"id":105,"date":"2016-02-17T02:41:15","date_gmt":"2016-02-17T01:41:15","guid":{"rendered":"http:\/\/3hvtt.fr\/?page_id=105"},"modified":"2018-11-01T19:03:05","modified_gmt":"2018-11-01T18:03:05","slug":"lassociation-galivelo","status":"publish","type":"page","link":"https:\/\/3hvtt.fr\/index.php\/lassociation-galivelo\/","title":{"rendered":"L\u2019assos Gali&rsquo;V\u00e9lo"},"content":{"rendered":"<p>Qui sommes nous?<\/p>\n<p>Gali\u2019V\u00e9lo est une petite section de l\u2019Association Sportive et Culturelle de Ban de Laveline, qui regroupe \u00e0 elle seule 12 sections pour pr\u00e8s de 400 adh\u00e9rents.<\/p>\n<p>Notre passion, comme vous avez pu le deviner, c\u2019est le VTT, le tout terrain, celui qui nous m\u00e8ne au c\u0153ur de la nature, car c\u2019est ce que l\u2019on adore. Les odeurs changeant au fil des saisons, les paysages \u00e9voluant, les jolis sentiers, les grands chemins, les champignons, les essences d\u2019arbres, quoi de plus beau que notre m\u00e8re nature!<\/p>\n<p>Mais nous aimons surtout nous retrouver tous ensemble, pour partager, notre guide en a plein dans ses poches, on peut lui faire confiance.<\/p>\n<p>Ainsi nous sommes une bonne vingtaine de v\u00e9t\u00e9tistes \u00e0\u00a0nous retrouver presque chaque semaine hors saison hivernale, sur notre fid\u00e8le destrier, qui nous emm\u00e8ne par monts et par vaux.<\/p>\n<p>On a la chance de ne pas \u00eatre loin des cr\u00eates, celles-ci s\u00e9parant la plaine d\u2019Alsace et les Vosges, entre le col du Bonhomme et les Chaumes de Lusses, de quoi combler tous les plaisirs.<\/p>\n<p>Si le coeur vous en dit, vous pouvez nous rejoindre en contactant notre pr\u00e9sident.<\/p>\n","protected":false},"excerpt":{"rendered":"<p>Qui sommes nous? Gali\u2019V\u00e9lo est une petite section de l\u2019Association Sportive et Culturelle de Ban de Laveline, qui regroupe \u00e0 elle seule 12 sections pour pr\u00e8s de 400 adh\u00e9rents. Notre passion, comme vous avez pu le deviner, c\u2019est le VTT, le tout terrain, celui qui nous m\u00e8ne au c\u0153ur de la nature, car c\u2019est ce &hellip; <a href=\"https:\/\/3hvtt.fr\/index.php\/lassociation-galivelo\/\" class=\"more-link\">Continuer la lecture de <span class=\"screen-reader-text\">L\u2019assos Gali&rsquo;V\u00e9lo<\/span>  <span class=\"meta-nav\">&rarr;<\/span><\/a><\/p>\n","protected":false},"author":2,"featured_media":1070,"parent":0,"menu_order":6,"comment_status":"closed","ping_status":"closed","template":"","meta":{"jetpack_post_was_ever_published":false,"footnotes":""},"class_list":["post-105","page","type-page","status-publish","has-post-thumbnail","hentry"],"jetpack_sharing_enabled":true,"jetpack_shortlink":"https:\/\/wp.me\/P7f8gj-1H","jetpack-related-posts":[],"_links":{"self":[{"href":"https:\/\/3hvtt.fr\/index.php\/wp-json\/wp\/v2\/pages\/105","targetHints":{"allow":["GET"]}}],"collection":[{"href":"https:\/\/3hvtt.fr\/index.php\/wp-json\/wp\/v2\/pages"}],"about":[{"href":"https:\/\/3hvtt.fr\/index.php\/wp-json\/wp\/v2\/types\/page"}],"author":[{"embeddable":true,"href":"https:\/\/3hvtt.fr\/index.php\/wp-json\/wp\/v2\/users\/2"}],"replies":[{"embeddable":true,"href":"https:\/\/3hvtt.fr\/index.php\/wp-json\/wp\/v2\/comments?post=105"}],"version-history":[{"count":10,"href":"https:\/\/3hvtt.fr\/index.php\/wp-json\/wp\/v2\/pages\/105\/revisions"}],"predecessor-version":[{"id":1474,"href":"https:\/\/3hvtt.fr\/index.php\/wp-json\/wp\/v2\/pages\/105\/revisions\/1474"}],"wp:featuredmedia":[{"embeddable":true,"href":"https:\/\/3hvtt.fr\/index.php\/wp-json\/wp\/v2\/media\/1070"}],"wp:attachment":[{"href":"https:\/\/3hvtt.fr\/index.php\/wp-json\/wp\/v2\/media?parent=105"}],"curies":[{"name":"wp","href":"https:\/\/api.w.org\/{rel}","templated":true}]}}