{"id":1050,"date":"2018-02-09T15:19:38","date_gmt":"2018-02-09T14:19:38","guid":{"rendered":"http:\/\/3hvtt.fr\/?page_id=1050"},"modified":"2025-01-28T00:50:20","modified_gmt":"2025-01-27T23:50:20","slug":"restauration","status":"publish","type":"page","link":"https:\/\/3hvtt.fr\/index.php\/restauration\/","title":{"rendered":"Restauration"},"content":{"rendered":"<h6 style=\"text-align: center;\">Enfin! nous voil\u00e0 de retour sur le plateau de Sor\u00e9mont!<\/h6>\n<p style=\"text-align: center;\">Venez d\u00e9guster ce que nous vous pr\u00e9parons!<\/p>\n<p style=\"text-align: center;\">Toute l&rsquo;\u00e9quipe de la restauration du Sentier des Vaches vous attend avec impatience.<\/p>\n<h6 style=\"text-align: center;\">Manger en pleine nature, face \u00e0 une magnifique vue sur la vall\u00e9e, entour\u00e9 de gens sympathiques, si ce n&rsquo;est pas \u00e7a le bonheur!<\/h6>\n<p>Que vous participiez \u00e0 la course, que vous veniez motiver ces courageux cyclistes ou que vous soyez de passage par l\u00e0 pour profiter du site et de l&rsquo;ambiance, n&rsquo;h\u00e9sitez pas \u00e0 passer par la buvette et la restauration.<\/p>\n<p>Mais qu&rsquo;allez-vous choisir au stand restauration ?<\/p>\n<p>Le choix ne manquera pas, il y en aura pour tous les go\u00fbts &#8230;. vous n&rsquo;avez plus qu&rsquo;\u00e0 monter sur le plateau le 13 avril, pour d\u00e9couvrir et d\u00e9guster!<\/p>\n<p style=\"text-align: right;\">Merci \u00e0 toute l&rsquo;\u00e9quipe restauration de Gali&rsquo;V\u00e9lo sans qui rien ne serait possible \u00e0 ce stand! Merci \u00e0 vous , visiteurs, participants, sans qui nous n&rsquo;aurions pas de raisons d&rsquo;\u00eatre l\u00e0! Bravo \u00e0 tous!<\/p>\n\n\n<p><\/p>\n","protected":false},"excerpt":{"rendered":"<p>Enfin! nous voil\u00e0 de retour sur le plateau de Sor\u00e9mont! Venez d\u00e9guster ce que nous vous pr\u00e9parons! Toute l&rsquo;\u00e9quipe de la restauration du Sentier des Vaches vous attend avec impatience. Manger en pleine nature, face \u00e0 une magnifique vue sur la vall\u00e9e, entour\u00e9 de gens sympathiques, si ce n&rsquo;est pas \u00e7a le bonheur! Que vous &hellip; <a href=\"https:\/\/3hvtt.fr\/index.php\/restauration\/\" class=\"more-link\">Continuer la lecture de <span class=\"screen-reader-text\">Restauration<\/span>  <span class=\"meta-nav\">&rarr;<\/span><\/a><\/p>\n","protected":false},"author":4,"featured_media":927,"parent":0,"menu_order":3,"comment_status":"closed","ping_status":"closed","template":"","meta":{"jetpack_post_was_ever_published":false,"footnotes":""},"class_list":["post-1050","page","type-page","status-publish","has-post-thumbnail","hentry"],"jetpack_sharing_enabled":true,"jetpack_shortlink":"https:\/\/wp.me\/P7f8gj-gW","jetpack-related-posts":[],"_links":{"self":[{"href":"https:\/\/3hvtt.fr\/index.php\/wp-json\/wp\/v2\/pages\/1050","targetHints":{"allow":["GET"]}}],"collection":[{"href":"https:\/\/3hvtt.fr\/index.php\/wp-json\/wp\/v2\/pages"}],"about":[{"href":"https:\/\/3hvtt.fr\/index.php\/wp-json\/wp\/v2\/types\/page"}],"author":[{"embeddable":true,"href":"https:\/\/3hvtt.fr\/index.php\/wp-json\/wp\/v2\/users\/4"}],"replies":[{"embeddable":true,"href":"https:\/\/3hvtt.fr\/index.php\/wp-json\/wp\/v2\/comments?post=1050"}],"version-history":[{"count":28,"href":"https:\/\/3hvtt.fr\/index.php\/wp-json\/wp\/v2\/pages\/1050\/revisions"}],"predecessor-version":[{"id":2368,"href":"https:\/\/3hvtt.fr\/index.php\/wp-json\/wp\/v2\/pages\/1050\/revisions\/2368"}],"wp:featuredmedia":[{"embeddable":true,"href":"https:\/\/3hvtt.fr\/index.php\/wp-json\/wp\/v2\/media\/927"}],"wp:attachment":[{"href":"https:\/\/3hvtt.fr\/index.php\/wp-json\/wp\/v2\/media?parent=1050"}],"curies":[{"name":"wp","href":"https:\/\/api.w.org\/{rel}","templated":true}]}}