{"id":11,"date":"2016-02-16T15:18:50","date_gmt":"2016-02-16T14:18:50","guid":{"rendered":"http:\/\/3hvtt.fr\/?page_id=11"},"modified":"2018-11-01T21:55:20","modified_gmt":"2018-11-01T20:55:20","slug":"infos","status":"publish","type":"page","link":"https:\/\/3hvtt.fr\/index.php\/infos\/","title":{"rendered":"Edition 2018"},"content":{"rendered":"<p style=\"text-align: justify;\">Un grand MERCI \u00e0 tous pour cette belle 9i\u00e8me \u00e9dition, un temps au rendez-vous, des participants ravis avec de nombreux sourires, ou bien d\u00e9guis\u00e9s, nous vous f\u00e9licitons pour votre bonne humeur qui donne de la couleur \u00e0 notre Sentier des Vaches. Nous faisons beaucoup &#8230; mais vous aussi! Merci!<\/p>\n<p style=\"text-align: justify;\">Vous \u00e9tiez au total 96 participants, vous avez fait un total de 634 tours et tout cela en seulement 3h ! Bravo \u00e0 tous !<br \/>\nEt les spectateurs \u00e9taient bien au rendez-vous aussi<\/p>\n<p style=\"text-align: justify;\">Un grand merci \u00e9galement \u00e0 Johanna et R\u00e9mi pour leur beau concert qui a \u00e9t\u00e9 tr\u00e8s appr\u00e9ci\u00e9 !<br \/>\n<img data-recalc-dims=\"1\" loading=\"lazy\" decoding=\"async\" data-attachment-id=\"1342\" data-permalink=\"https:\/\/3hvtt.fr\/index.php\/infos\/3h-vtt-2018\/img_2602\/\" data-orig-file=\"https:\/\/i0.wp.com\/3hvtt.fr\/wp-content\/uploads\/2018\/04\/IMG_2602.jpg?fit=3888%2C2592&amp;ssl=1\" data-orig-size=\"3888,2592\" data-comments-opened=\"1\" data-image-meta=\"{&quot;aperture&quot;:&quot;8&quot;,&quot;credit&quot;:&quot;&quot;,&quot;camera&quot;:&quot;Canon EOS 400D DIGITAL&quot;,&quot;caption&quot;:&quot;&quot;,&quot;created_timestamp&quot;:&quot;1523795913&quot;,&quot;copyright&quot;:&quot;&quot;,&quot;focal_length&quot;:&quot;32&quot;,&quot;iso&quot;:&quot;100&quot;,&quot;shutter_speed&quot;:&quot;0.008&quot;,&quot;title&quot;:&quot;&quot;,&quot;orientation&quot;:&quot;1&quot;}\" data-image-title=\"IMG_2602\" data-image-description=\"\" data-image-caption=\"\" data-medium-file=\"https:\/\/i0.wp.com\/3hvtt.fr\/wp-content\/uploads\/2018\/04\/IMG_2602.jpg?fit=300%2C200&amp;ssl=1\" data-large-file=\"https:\/\/i0.wp.com\/3hvtt.fr\/wp-content\/uploads\/2018\/04\/IMG_2602.jpg?fit=474%2C316&amp;ssl=1\" class=\"aligncenter wp-image-1342\" src=\"https:\/\/i0.wp.com\/3hvtt.fr\/wp-content\/uploads\/2018\/04\/IMG_2602.jpg?resize=297%2C198\" alt=\"\" width=\"297\" height=\"198\" srcset=\"https:\/\/i0.wp.com\/3hvtt.fr\/wp-content\/uploads\/2018\/04\/IMG_2602.jpg?resize=1024%2C683&amp;ssl=1 1024w, https:\/\/i0.wp.com\/3hvtt.fr\/wp-content\/uploads\/2018\/04\/IMG_2602.jpg?resize=300%2C200&amp;ssl=1 300w, https:\/\/i0.wp.com\/3hvtt.fr\/wp-content\/uploads\/2018\/04\/IMG_2602.jpg?resize=768%2C512&amp;ssl=1 768w, https:\/\/i0.wp.com\/3hvtt.fr\/wp-content\/uploads\/2018\/04\/IMG_2602.jpg?w=948 948w, https:\/\/i0.wp.com\/3hvtt.fr\/wp-content\/uploads\/2018\/04\/IMG_2602.jpg?w=1422 1422w\" sizes=\"auto, (max-width: 297px) 100vw, 297px\" \/><br \/>\nMerci aussi \u00e0 toute mon \u00e9quipe, qui continue \u00e0 me surprendre avec de superbes costumes de vaches et une organisation au top, au stand restauration, \u00e0 la pr\u00e9paration des sentiers,&#8230; merci \u00e0 vous ! Vous participez toujours plus \u00e0 l&rsquo;esprit convivial de cette manifestation, et en faisant beaucoup avec vos mains, Merci \u00e0 tous !<\/p>\n<p>Merci \u00e0 G\u00e9rard qui sait faire l&rsquo;attraction avec sa flandria, bravo \u00e0 toi!<\/p>\n<p style=\"text-align: justify;\">N&rsquo;h\u00e9sitez pas \u00e0\u00a0regarder les photos sur \u00a0l&rsquo;onglet \u00ab\u00a03HVTT Photos 2018\u00a0\u00bb. Ne manquez pas non plus\u00a0la vid\u00e9o 2018 \u00a0visible sur ce site ou sur YouTube.<\/p>\n<p><img data-recalc-dims=\"1\" loading=\"lazy\" decoding=\"async\" data-attachment-id=\"1376\" data-permalink=\"https:\/\/3hvtt.fr\/index.php\/infos\/3h-vtt-2018\/img_2650\/\" data-orig-file=\"https:\/\/i0.wp.com\/3hvtt.fr\/wp-content\/uploads\/2018\/04\/IMG_2650.jpg?fit=3888%2C2592&amp;ssl=1\" data-orig-size=\"3888,2592\" data-comments-opened=\"1\" data-image-meta=\"{&quot;aperture&quot;:&quot;9&quot;,&quot;credit&quot;:&quot;&quot;,&quot;camera&quot;:&quot;Canon EOS 400D DIGITAL&quot;,&quot;caption&quot;:&quot;&quot;,&quot;created_timestamp&quot;:&quot;1523802315&quot;,&quot;copyright&quot;:&quot;&quot;,&quot;focal_length&quot;:&quot;27&quot;,&quot;iso&quot;:&quot;100&quot;,&quot;shutter_speed&quot;:&quot;0.005&quot;,&quot;title&quot;:&quot;&quot;,&quot;orientation&quot;:&quot;1&quot;}\" data-image-title=\"IMG_2650\" data-image-description=\"\" data-image-caption=\"\" data-medium-file=\"https:\/\/i0.wp.com\/3hvtt.fr\/wp-content\/uploads\/2018\/04\/IMG_2650.jpg?fit=300%2C200&amp;ssl=1\" data-large-file=\"https:\/\/i0.wp.com\/3hvtt.fr\/wp-content\/uploads\/2018\/04\/IMG_2650.jpg?fit=474%2C316&amp;ssl=1\" class=\"aligncenter size-full wp-image-1376\" src=\"https:\/\/i0.wp.com\/3hvtt.fr\/wp-content\/uploads\/2018\/04\/IMG_2650.jpg?resize=474%2C316\" alt=\"\" width=\"474\" height=\"316\" srcset=\"https:\/\/i0.wp.com\/3hvtt.fr\/wp-content\/uploads\/2018\/04\/IMG_2650.jpg?w=3888&amp;ssl=1 3888w, https:\/\/i0.wp.com\/3hvtt.fr\/wp-content\/uploads\/2018\/04\/IMG_2650.jpg?resize=300%2C200&amp;ssl=1 300w, https:\/\/i0.wp.com\/3hvtt.fr\/wp-content\/uploads\/2018\/04\/IMG_2650.jpg?resize=768%2C512&amp;ssl=1 768w, https:\/\/i0.wp.com\/3hvtt.fr\/wp-content\/uploads\/2018\/04\/IMG_2650.jpg?resize=1024%2C683&amp;ssl=1 1024w, https:\/\/i0.wp.com\/3hvtt.fr\/wp-content\/uploads\/2018\/04\/IMG_2650.jpg?w=948 948w, https:\/\/i0.wp.com\/3hvtt.fr\/wp-content\/uploads\/2018\/04\/IMG_2650.jpg?w=1422 1422w\" sizes=\"auto, (max-width: 474px) 100vw, 474px\" \/><\/p>\n<p>Amicalement,<br \/>\nToute l&rsquo;\u00e9quipe Gali&rsquo;V\u00e9lo<\/p>\n","protected":false},"excerpt":{"rendered":"<p>Un grand MERCI \u00e0 tous pour cette belle 9i\u00e8me \u00e9dition, un temps au rendez-vous, des participants ravis avec de nombreux sourires, ou bien d\u00e9guis\u00e9s, nous vous f\u00e9licitons pour votre bonne humeur qui donne de la couleur \u00e0 notre Sentier des Vaches. Nous faisons beaucoup &#8230; mais vous aussi! Merci! Vous \u00e9tiez au total 96 participants, &hellip; <a href=\"https:\/\/3hvtt.fr\/index.php\/infos\/\" class=\"more-link\">Continuer la lecture de <span class=\"screen-reader-text\">Edition 2018<\/span>  <span class=\"meta-nav\">&rarr;<\/span><\/a><\/p>\n","protected":false},"author":2,"featured_media":1162,"parent":0,"menu_order":0,"comment_status":"closed","ping_status":"closed","template":"page-templates\/full-width.php","meta":{"jetpack_post_was_ever_published":false,"footnotes":""},"class_list":["post-11","page","type-page","status-publish","has-post-thumbnail","hentry"],"jetpack_sharing_enabled":true,"jetpack_shortlink":"https:\/\/wp.me\/P7f8gj-b","jetpack-related-posts":[],"_links":{"self":[{"href":"https:\/\/3hvtt.fr\/index.php\/wp-json\/wp\/v2\/pages\/11","targetHints":{"allow":["GET"]}}],"collection":[{"href":"https:\/\/3hvtt.fr\/index.php\/wp-json\/wp\/v2\/pages"}],"about":[{"href":"https:\/\/3hvtt.fr\/index.php\/wp-json\/wp\/v2\/types\/page"}],"author":[{"embeddable":true,"href":"https:\/\/3hvtt.fr\/index.php\/wp-json\/wp\/v2\/users\/2"}],"replies":[{"embeddable":true,"href":"https:\/\/3hvtt.fr\/index.php\/wp-json\/wp\/v2\/comments?post=11"}],"version-history":[{"count":53,"href":"https:\/\/3hvtt.fr\/index.php\/wp-json\/wp\/v2\/pages\/11\/revisions"}],"predecessor-version":[{"id":1493,"href":"https:\/\/3hvtt.fr\/index.php\/wp-json\/wp\/v2\/pages\/11\/revisions\/1493"}],"wp:featuredmedia":[{"embeddable":true,"href":"https:\/\/3hvtt.fr\/index.php\/wp-json\/wp\/v2\/media\/1162"}],"wp:attachment":[{"href":"https:\/\/3hvtt.fr\/index.php\/wp-json\/wp\/v2\/media?parent=11"}],"curies":[{"name":"wp","href":"https:\/\/api.w.org\/{rel}","templated":true}]}}