{"id":1150,"date":"2018-04-20T08:32:04","date_gmt":"2018-04-20T07:32:04","guid":{"rendered":"http:\/\/3hvtt.fr\/?page_id=1150"},"modified":"2025-04-11T19:58:22","modified_gmt":"2025-04-11T18:58:22","slug":"inscriptions-sur-place","status":"publish","type":"page","link":"https:\/\/3hvtt.fr\/index.php\/inscriptions-sur-place\/","title":{"rendered":"Inscriptions sur place"},"content":{"rendered":"<p>\u00a0<\/p>\n<p>Ne vous en faites pas, les inscriptions sur le site sont finies, mais il est encore possible de s&rsquo;inscrire sur place, via le formulaire et le r\u00e9glement t\u00e9l\u00e9chargeable ci dessous :<\/p>\n<p>Tableau des cat\u00e9gories 2025<\/p>\n<p><a href=\"_wp_link_placeholder\" data-wplink-edit=\"true\">Fiche inscription seule 2025<\/a><\/p>\n<p>R\u00e9glement_2025<\/p>\n<p>Venez avec ces documents remplis au plateau de Sor\u00e9mont 88520 Ban De Laveline, de 8h30 \u00e0 9h30, en n&rsquo;oubliant pas le certificat m\u00e9dical ou une licence FFC, FFCT, FFTri.<\/p>\n<p><img data-recalc-dims=\"1\" loading=\"lazy\" decoding=\"async\" data-attachment-id=\"1170\" data-permalink=\"https:\/\/3hvtt.fr\/index.php\/infos\/3h-vtt-2018\/img_2332\/\" data-orig-file=\"https:\/\/i0.wp.com\/3hvtt.fr\/wp-content\/uploads\/2018\/04\/IMG_2332.jpg?fit=3888%2C2592&amp;ssl=1\" data-orig-size=\"3888,2592\" data-comments-opened=\"1\" data-image-meta=\"{&quot;aperture&quot;:&quot;5&quot;,&quot;credit&quot;:&quot;&quot;,&quot;camera&quot;:&quot;Canon EOS 400D DIGITAL&quot;,&quot;caption&quot;:&quot;&quot;,&quot;created_timestamp&quot;:&quot;1523781676&quot;,&quot;copyright&quot;:&quot;&quot;,&quot;focal_length&quot;:&quot;18&quot;,&quot;iso&quot;:&quot;100&quot;,&quot;shutter_speed&quot;:&quot;0.005&quot;,&quot;title&quot;:&quot;&quot;,&quot;orientation&quot;:&quot;1&quot;}\" data-image-title=\"IMG_2332\" data-image-description=\"\" data-image-caption=\"\" data-medium-file=\"https:\/\/i0.wp.com\/3hvtt.fr\/wp-content\/uploads\/2018\/04\/IMG_2332.jpg?fit=300%2C200&amp;ssl=1\" data-large-file=\"https:\/\/i0.wp.com\/3hvtt.fr\/wp-content\/uploads\/2018\/04\/IMG_2332.jpg?fit=474%2C316&amp;ssl=1\" class=\"aligncenter size-large wp-image-1170\" src=\"https:\/\/i0.wp.com\/3hvtt.fr\/wp-content\/uploads\/2018\/04\/IMG_2332.jpg?resize=474%2C316\" alt=\"\" width=\"474\" height=\"316\" srcset=\"https:\/\/i0.wp.com\/3hvtt.fr\/wp-content\/uploads\/2018\/04\/IMG_2332.jpg?resize=1024%2C683&amp;ssl=1 1024w, https:\/\/i0.wp.com\/3hvtt.fr\/wp-content\/uploads\/2018\/04\/IMG_2332.jpg?resize=300%2C200&amp;ssl=1 300w, https:\/\/i0.wp.com\/3hvtt.fr\/wp-content\/uploads\/2018\/04\/IMG_2332.jpg?resize=768%2C512&amp;ssl=1 768w, https:\/\/i0.wp.com\/3hvtt.fr\/wp-content\/uploads\/2018\/04\/IMG_2332.jpg?w=948 948w, https:\/\/i0.wp.com\/3hvtt.fr\/wp-content\/uploads\/2018\/04\/IMG_2332.jpg?w=1422 1422w\" sizes=\"auto, (max-width: 474px) 100vw, 474px\" \/>\u00a0<\/p>\n<p>Rendez dimanche 14 avril de bonne heure et de bonne humeur<br \/>L&rsquo;\u00e9quipe Gali&rsquo;V\u00e9lo<\/p>\n\n\n<p><\/p>\n","protected":false},"excerpt":{"rendered":"<p>\u00a0 Ne vous en faites pas, les inscriptions sur le site sont finies, mais il est encore possible de s&rsquo;inscrire sur place, via le formulaire et le r\u00e9glement t\u00e9l\u00e9chargeable ci dessous : Tableau des cat\u00e9gories 2025 Fiche inscription seule 2025 R\u00e9glement_2025 Venez avec ces documents remplis au plateau de Sor\u00e9mont 88520 Ban De Laveline, de &hellip; <a href=\"https:\/\/3hvtt.fr\/index.php\/inscriptions-sur-place\/\" class=\"more-link\">Continuer la lecture de <span class=\"screen-reader-text\">Inscriptions sur place<\/span>  <span class=\"meta-nav\">&rarr;<\/span><\/a><\/p>\n","protected":false},"author":2,"featured_media":0,"parent":0,"menu_order":0,"comment_status":"closed","ping_status":"closed","template":"","meta":{"jetpack_post_was_ever_published":false,"footnotes":""},"class_list":["post-1150","page","type-page","status-publish","hentry"],"jetpack_sharing_enabled":true,"jetpack_shortlink":"https:\/\/wp.me\/P7f8gj-iy","jetpack-related-posts":[],"_links":{"self":[{"href":"https:\/\/3hvtt.fr\/index.php\/wp-json\/wp\/v2\/pages\/1150","targetHints":{"allow":["GET"]}}],"collection":[{"href":"https:\/\/3hvtt.fr\/index.php\/wp-json\/wp\/v2\/pages"}],"about":[{"href":"https:\/\/3hvtt.fr\/index.php\/wp-json\/wp\/v2\/types\/page"}],"author":[{"embeddable":true,"href":"https:\/\/3hvtt.fr\/index.php\/wp-json\/wp\/v2\/users\/2"}],"replies":[{"embeddable":true,"href":"https:\/\/3hvtt.fr\/index.php\/wp-json\/wp\/v2\/comments?post=1150"}],"version-history":[{"count":16,"href":"https:\/\/3hvtt.fr\/index.php\/wp-json\/wp\/v2\/pages\/1150\/revisions"}],"predecessor-version":[{"id":2398,"href":"https:\/\/3hvtt.fr\/index.php\/wp-json\/wp\/v2\/pages\/1150\/revisions\/2398"}],"wp:attachment":[{"href":"https:\/\/3hvtt.fr\/index.php\/wp-json\/wp\/v2\/media?parent=1150"}],"curies":[{"name":"wp","href":"https:\/\/api.w.org\/{rel}","templated":true}]}}