{"id":1429,"date":"2018-10-27T10:20:45","date_gmt":"2018-10-27T09:20:45","guid":{"rendered":"http:\/\/3hvtt.fr\/?page_id=1429"},"modified":"2018-10-29T04:42:02","modified_gmt":"2018-10-29T03:42:02","slug":"videos","status":"publish","type":"page","link":"https:\/\/3hvtt.fr\/index.php\/infos\/videos\/","title":{"rendered":"Vid\u00e9os"},"content":{"rendered":"<p>Merci \u00e0 Eric Mouchot pour sa nouvelle vid\u00e9o du Sentier des Vaches 2018:<\/p>\n<p><span class=\"embed-youtube\" style=\"text-align:center; display: block;\"><iframe loading=\"lazy\" class=\"youtube-player\" width=\"474\" height=\"267\" src=\"https:\/\/www.youtube.com\/embed\/pqu6mZM6PYI?version=3&#038;rel=1&#038;showsearch=0&#038;showinfo=1&#038;iv_load_policy=1&#038;fs=1&#038;hl=fr-FR&#038;autohide=2&#038;wmode=transparent\" allowfullscreen=\"true\" style=\"border:0;\" sandbox=\"allow-scripts allow-same-origin allow-popups allow-presentation allow-popups-to-escape-sandbox\"><\/iframe><\/span><\/p>\n<p>Le Sentier des Vaches 2016 sous la pluie, les concurrents ont bien eu du courage cette ann\u00e9e l\u00e0, pour la petite anecdote, il a plut tout le samedi, le dimanche \u00e0 6h il neigeait, et la pluie s&rsquo;est arr\u00eat\u00e9e de 8h \u00e0 16h. Ci dessous la vid\u00e9o d&rsquo;Eric : <\/p>\n<p><iframe loading=\"lazy\" src=\"https:\/\/www.youtube.com\/embed\/ouq_TOJcrmw\" width=\"560\" height=\"315\" frameborder=\"0\" allowfullscreen=\"allowfullscreen\"><\/iframe><\/p>\n","protected":false},"excerpt":{"rendered":"<p>Merci \u00e0 Eric Mouchot pour sa nouvelle vid\u00e9o du Sentier des Vaches 2018: Le Sentier des Vaches 2016 sous la pluie, les concurrents ont bien eu du courage cette ann\u00e9e l\u00e0, pour la petite anecdote, il a plut tout le samedi, le dimanche \u00e0 6h il neigeait, et la pluie s&rsquo;est arr\u00eat\u00e9e de 8h \u00e0 &hellip; <a href=\"https:\/\/3hvtt.fr\/index.php\/infos\/videos\/\" class=\"more-link\">Continuer la lecture de <span class=\"screen-reader-text\">Vid\u00e9os<\/span>  <span class=\"meta-nav\">&rarr;<\/span><\/a><\/p>\n","protected":false},"author":2,"featured_media":0,"parent":11,"menu_order":1,"comment_status":"closed","ping_status":"closed","template":"","meta":{"jetpack_post_was_ever_published":false,"footnotes":""},"class_list":["post-1429","page","type-page","status-publish","hentry"],"jetpack_sharing_enabled":true,"jetpack_shortlink":"https:\/\/wp.me\/P7f8gj-n3","jetpack-related-posts":[],"_links":{"self":[{"href":"https:\/\/3hvtt.fr\/index.php\/wp-json\/wp\/v2\/pages\/1429","targetHints":{"allow":["GET"]}}],"collection":[{"href":"https:\/\/3hvtt.fr\/index.php\/wp-json\/wp\/v2\/pages"}],"about":[{"href":"https:\/\/3hvtt.fr\/index.php\/wp-json\/wp\/v2\/types\/page"}],"author":[{"embeddable":true,"href":"https:\/\/3hvtt.fr\/index.php\/wp-json\/wp\/v2\/users\/2"}],"replies":[{"embeddable":true,"href":"https:\/\/3hvtt.fr\/index.php\/wp-json\/wp\/v2\/comments?post=1429"}],"version-history":[{"count":5,"href":"https:\/\/3hvtt.fr\/index.php\/wp-json\/wp\/v2\/pages\/1429\/revisions"}],"predecessor-version":[{"id":1434,"href":"https:\/\/3hvtt.fr\/index.php\/wp-json\/wp\/v2\/pages\/1429\/revisions\/1434"}],"up":[{"embeddable":true,"href":"https:\/\/3hvtt.fr\/index.php\/wp-json\/wp\/v2\/pages\/11"}],"wp:attachment":[{"href":"https:\/\/3hvtt.fr\/index.php\/wp-json\/wp\/v2\/media?parent=1429"}],"curies":[{"name":"wp","href":"https:\/\/api.w.org\/{rel}","templated":true}]}}