{"id":1454,"date":"2018-11-01T17:21:27","date_gmt":"2018-11-01T16:21:27","guid":{"rendered":"http:\/\/3hvtt.fr\/?page_id=1454"},"modified":"2025-04-14T22:38:23","modified_gmt":"2025-04-14T21:38:23","slug":"accueil","status":"publish","type":"page","link":"https:\/\/3hvtt.fr\/","title":{"rendered":"Accueil"},"content":{"rendered":"<h3 style=\"text-align: center;\"><strong>16\u00e8me \u00e9dition organis\u00e9e<\/strong><\/h3>\n<h3 style=\"text-align: center;\"><strong>du Sentier des Vaches!<\/strong><\/h3>\n<p style=\"text-align: center;\">\u00a0Et nous voil\u00e0 d\u00e9j\u00e0 pass\u00e9e notre 16i\u00e8me \u00e9dition du Sentier des Vaches VTT, la m\u00e9t\u00e9o \u00e9tait un peu capricieuse le matin mais s&rsquo;est am\u00e9lior\u00e9 dans la journ\u00e9e.<\/p>\n<p style=\"text-align: center;\"><img data-recalc-dims=\"1\" loading=\"lazy\" decoding=\"async\" data-attachment-id=\"1319\" data-permalink=\"https:\/\/3hvtt.fr\/index.php\/infos\/3h-vtt-2018\/img_2574\/\" data-orig-file=\"https:\/\/i0.wp.com\/3hvtt.fr\/wp-content\/uploads\/2018\/04\/IMG_2574.jpg?fit=2592%2C3888&amp;ssl=1\" data-orig-size=\"2592,3888\" data-comments-opened=\"1\" data-image-meta=\"{&quot;aperture&quot;:&quot;6.3&quot;,&quot;credit&quot;:&quot;&quot;,&quot;camera&quot;:&quot;Canon EOS 400D DIGITAL&quot;,&quot;caption&quot;:&quot;&quot;,&quot;created_timestamp&quot;:&quot;1523795205&quot;,&quot;copyright&quot;:&quot;&quot;,&quot;focal_length&quot;:&quot;59&quot;,&quot;iso&quot;:&quot;100&quot;,&quot;shutter_speed&quot;:&quot;0.008&quot;,&quot;title&quot;:&quot;&quot;,&quot;orientation&quot;:&quot;1&quot;}\" data-image-title=\"IMG_2574\" data-image-description=\"\" data-image-caption=\"\" data-medium-file=\"https:\/\/i0.wp.com\/3hvtt.fr\/wp-content\/uploads\/2018\/04\/IMG_2574.jpg?fit=200%2C300&amp;ssl=1\" data-large-file=\"https:\/\/i0.wp.com\/3hvtt.fr\/wp-content\/uploads\/2018\/04\/IMG_2574.jpg?fit=474%2C711&amp;ssl=1\" class=\" wp-image-1319 alignleft\" src=\"https:\/\/i0.wp.com\/3hvtt.fr\/wp-content\/uploads\/2018\/04\/IMG_2574.jpg?resize=197%2C296\" alt=\"\" width=\"197\" height=\"296\" srcset=\"https:\/\/i0.wp.com\/3hvtt.fr\/wp-content\/uploads\/2018\/04\/IMG_2574.jpg?resize=683%2C1024&amp;ssl=1 683w, https:\/\/i0.wp.com\/3hvtt.fr\/wp-content\/uploads\/2018\/04\/IMG_2574.jpg?resize=200%2C300&amp;ssl=1 200w, https:\/\/i0.wp.com\/3hvtt.fr\/wp-content\/uploads\/2018\/04\/IMG_2574.jpg?resize=768%2C1152&amp;ssl=1 768w, https:\/\/i0.wp.com\/3hvtt.fr\/wp-content\/uploads\/2018\/04\/IMG_2574.jpg?w=948 948w, https:\/\/i0.wp.com\/3hvtt.fr\/wp-content\/uploads\/2018\/04\/IMG_2574.jpg?w=1422 1422w\" sizes=\"auto, (max-width: 197px) 100vw, 197px\" \/>D&rsquo;apr\u00e8s vos retours, vous avez appr\u00e9ciez nos 4 parcours pour petits et grands. N&rsquo;h\u00e9siter pas \u00e0 nous faire des retours, nous sommes preneur pour am\u00e9liorer notre manifestation<\/p>\n<p style=\"text-align: center;\"><img data-recalc-dims=\"1\" loading=\"lazy\" decoding=\"async\" data-attachment-id=\"1593\" data-permalink=\"https:\/\/3hvtt.fr\/index.php\/accueil\/img_2926\/\" data-orig-file=\"https:\/\/i0.wp.com\/3hvtt.fr\/wp-content\/uploads\/2019\/04\/IMG_2926.jpg?fit=3888%2C2592&amp;ssl=1\" data-orig-size=\"3888,2592\" data-comments-opened=\"1\" data-image-meta=\"{&quot;aperture&quot;:&quot;7.1&quot;,&quot;credit&quot;:&quot;&quot;,&quot;camera&quot;:&quot;Canon EOS 400D DIGITAL&quot;,&quot;caption&quot;:&quot;&quot;,&quot;created_timestamp&quot;:&quot;1555179800&quot;,&quot;copyright&quot;:&quot;&quot;,&quot;focal_length&quot;:&quot;18&quot;,&quot;iso&quot;:&quot;400&quot;,&quot;shutter_speed&quot;:&quot;0.00625&quot;,&quot;title&quot;:&quot;&quot;,&quot;orientation&quot;:&quot;1&quot;}\" data-image-title=\"IMG_2926\" data-image-description=\"\" data-image-caption=\"\" data-medium-file=\"https:\/\/i0.wp.com\/3hvtt.fr\/wp-content\/uploads\/2019\/04\/IMG_2926.jpg?fit=300%2C200&amp;ssl=1\" data-large-file=\"https:\/\/i0.wp.com\/3hvtt.fr\/wp-content\/uploads\/2019\/04\/IMG_2926.jpg?fit=474%2C316&amp;ssl=1\" class=\" wp-image-1593 alignright\" src=\"https:\/\/i0.wp.com\/3hvtt.fr\/wp-content\/uploads\/2019\/04\/IMG_2926.jpg?resize=192%2C128\" alt=\"\" width=\"192\" height=\"128\" srcset=\"https:\/\/i0.wp.com\/3hvtt.fr\/wp-content\/uploads\/2019\/04\/IMG_2926.jpg?resize=1024%2C683&amp;ssl=1 1024w, https:\/\/i0.wp.com\/3hvtt.fr\/wp-content\/uploads\/2019\/04\/IMG_2926.jpg?resize=300%2C200&amp;ssl=1 300w, https:\/\/i0.wp.com\/3hvtt.fr\/wp-content\/uploads\/2019\/04\/IMG_2926.jpg?resize=768%2C512&amp;ssl=1 768w, https:\/\/i0.wp.com\/3hvtt.fr\/wp-content\/uploads\/2019\/04\/IMG_2926.jpg?w=948 948w, https:\/\/i0.wp.com\/3hvtt.fr\/wp-content\/uploads\/2019\/04\/IMG_2926.jpg?w=1422 1422w\" sizes=\"auto, (max-width: 192px) 100vw, 192px\" \/><\/p>\n<p style=\"text-align: center;\">Notre jambon brais\u00e9, toffailles, ou saucisses frittes vous ont plu? Une petite cr\u00eape en dessert? Vous \u00eates nombreux \u00e0 appr\u00e9cier manger un morceau sur notre site que vous soyez concurrent ou visiteur et nous en sommes heureux.<\/p>\n<p>Un grand merci \u00e0 nos b\u00e9n\u00e9voles, de pr\u00eat, de loin, d&rsquo;une heure, d&rsquo;une journ\u00e9e, de toujours. Sans vous rien de tout ceci ne pourrait se faire dans un site aussi joli.<\/p>\n<p>Un grand merci \u00e9galement pour l&rsquo;aide de la commune de Ban de Laveline et du conseil D\u00e9partemental des Vosges. Quoi de mieux pour vous pr\u00e9senter les Vosges que notre plateau de Sor\u00e9mont \u00e0 680m d&rsquo;altitude!<img data-recalc-dims=\"1\" loading=\"lazy\" decoding=\"async\" data-attachment-id=\"1933\" data-permalink=\"https:\/\/3hvtt.fr\/index.php\/accueil\/received_2459032967642363\/\" data-orig-file=\"https:\/\/i0.wp.com\/3hvtt.fr\/wp-content\/uploads\/2020\/03\/received_2459032967642363.jpeg?fit=1296%2C1728&amp;ssl=1\" data-orig-size=\"1296,1728\" data-comments-opened=\"1\" data-image-meta=\"{&quot;aperture&quot;:&quot;0&quot;,&quot;credit&quot;:&quot;&quot;,&quot;camera&quot;:&quot;&quot;,&quot;caption&quot;:&quot;&quot;,&quot;created_timestamp&quot;:&quot;0&quot;,&quot;copyright&quot;:&quot;&quot;,&quot;focal_length&quot;:&quot;0&quot;,&quot;iso&quot;:&quot;0&quot;,&quot;shutter_speed&quot;:&quot;0&quot;,&quot;title&quot;:&quot;&quot;,&quot;orientation&quot;:&quot;0&quot;}\" data-image-title=\"received_2459032967642363\" data-image-description=\"\" data-image-caption=\"\" data-medium-file=\"https:\/\/i0.wp.com\/3hvtt.fr\/wp-content\/uploads\/2020\/03\/received_2459032967642363.jpeg?fit=225%2C300&amp;ssl=1\" data-large-file=\"https:\/\/i0.wp.com\/3hvtt.fr\/wp-content\/uploads\/2020\/03\/received_2459032967642363.jpeg?fit=474%2C632&amp;ssl=1\" class=\" wp-image-1933 alignright\" src=\"https:\/\/i0.wp.com\/3hvtt.fr\/wp-content\/uploads\/2020\/03\/received_2459032967642363.jpeg?resize=154%2C205\" alt=\"\" width=\"154\" height=\"205\" srcset=\"https:\/\/i0.wp.com\/3hvtt.fr\/wp-content\/uploads\/2020\/03\/received_2459032967642363.jpeg?resize=768%2C1024&amp;ssl=1 768w, https:\/\/i0.wp.com\/3hvtt.fr\/wp-content\/uploads\/2020\/03\/received_2459032967642363.jpeg?resize=225%2C300&amp;ssl=1 225w, https:\/\/i0.wp.com\/3hvtt.fr\/wp-content\/uploads\/2020\/03\/received_2459032967642363.jpeg?w=1296&amp;ssl=1 1296w, https:\/\/i0.wp.com\/3hvtt.fr\/wp-content\/uploads\/2020\/03\/received_2459032967642363.jpeg?w=948 948w\" sizes=\"auto, (max-width: 154px) 100vw, 154px\" \/><\/p>\n<p>Un grand merci aux Cycles Triquets pour leur soutiens depuis le d\u00e9but!<\/p>\n<p style=\"text-align: center;\">On r\u00e9fl\u00e9chi \u00e0 l&rsquo;\u00e9dition 2026, on est preneur d&rsquo;id\u00e9es ou de bras pour organiser au mieux la nouvelle \u00e9dition.<\/p>\n<p>En attendant on vous dit \u00e0 l&rsquo;ann\u00e9e prochaine<\/p>\n<p style=\"text-align: center;\"><img data-recalc-dims=\"1\" loading=\"lazy\" decoding=\"async\" data-attachment-id=\"1100\" data-permalink=\"https:\/\/3hvtt.fr\/?attachment_id=1100\" data-orig-file=\"https:\/\/i0.wp.com\/3hvtt.fr\/wp-content\/uploads\/2018\/02\/IMG_9498.jpg?fit=2592%2C3888&amp;ssl=1\" data-orig-size=\"2592,3888\" data-comments-opened=\"1\" data-image-meta=\"{&quot;aperture&quot;:&quot;13&quot;,&quot;credit&quot;:&quot;&quot;,&quot;camera&quot;:&quot;Canon EOS 400D DIGITAL&quot;,&quot;caption&quot;:&quot;&quot;,&quot;created_timestamp&quot;:&quot;1397390936&quot;,&quot;copyright&quot;:&quot;&quot;,&quot;focal_length&quot;:&quot;77&quot;,&quot;iso&quot;:&quot;800&quot;,&quot;shutter_speed&quot;:&quot;0.002&quot;,&quot;title&quot;:&quot;&quot;,&quot;orientation&quot;:&quot;1&quot;}\" data-image-title=\"IMG_9498\" data-image-description=\"\" data-image-caption=\"\" data-medium-file=\"https:\/\/i0.wp.com\/3hvtt.fr\/wp-content\/uploads\/2018\/02\/IMG_9498.jpg?fit=200%2C300&amp;ssl=1\" data-large-file=\"https:\/\/i0.wp.com\/3hvtt.fr\/wp-content\/uploads\/2018\/02\/IMG_9498.jpg?fit=474%2C711&amp;ssl=1\" class=\"wp-image-1100 alignright\" src=\"https:\/\/i0.wp.com\/3hvtt.fr\/wp-content\/uploads\/2018\/02\/IMG_9498.jpg?resize=112%2C169\" alt=\"\" width=\"112\" height=\"169\" srcset=\"https:\/\/i0.wp.com\/3hvtt.fr\/wp-content\/uploads\/2018\/02\/IMG_9498.jpg?resize=200%2C300&amp;ssl=1 200w, https:\/\/i0.wp.com\/3hvtt.fr\/wp-content\/uploads\/2018\/02\/IMG_9498.jpg?resize=768%2C1152&amp;ssl=1 768w, https:\/\/i0.wp.com\/3hvtt.fr\/wp-content\/uploads\/2018\/02\/IMG_9498.jpg?resize=683%2C1024&amp;ssl=1 683w, https:\/\/i0.wp.com\/3hvtt.fr\/wp-content\/uploads\/2018\/02\/IMG_9498.jpg?w=948 948w, https:\/\/i0.wp.com\/3hvtt.fr\/wp-content\/uploads\/2018\/02\/IMG_9498.jpg?w=1422 1422w\" sizes=\"auto, (max-width: 112px) 100vw, 112px\" \/><\/p>\n<p style=\"text-align: center;\">Tu ne connais pas le Sentier des Vaches? Quel dommage, tu nous a manqu\u00e9 durant les 15 derni\u00e8res \u00e9ditions!<\/p>\n<p style=\"text-align: center;\">Mais puisque tu es sur ce site, c&rsquo;est que tu t&rsquo;y int\u00e9resses! Alors sois le\/la bienvenue aussi!<\/p>\n<p><a href=\"https:\/\/youtu.be\/78O9wyo6E3I\">https:\/\/youtu.be\/78O9wyo6E3I<\/a><\/p>\n<p>Toute l&rsquo;\u00e9quipe d&rsquo;organisation s&rsquo;est mise en route pour votre plus grand plaisir. Alors en attendant, inscrit toi et note bien cette date :<\/p>\n<h3 style=\"text-align: center;\"><strong>\u00a0avril 2026<\/strong><\/h3>\n<p style=\"text-align: center;\"><strong>\u00a0<\/strong><\/p>\n","protected":false},"excerpt":{"rendered":"<p>16\u00e8me \u00e9dition organis\u00e9e du Sentier des Vaches! \u00a0Et nous voil\u00e0 d\u00e9j\u00e0 pass\u00e9e notre 16i\u00e8me \u00e9dition du Sentier des Vaches VTT, la m\u00e9t\u00e9o \u00e9tait un peu capricieuse le matin mais s&rsquo;est am\u00e9lior\u00e9 dans la journ\u00e9e. D&rsquo;apr\u00e8s vos retours, vous avez appr\u00e9ciez nos 4 parcours pour petits et grands. N&rsquo;h\u00e9siter pas \u00e0 nous faire des retours, nous &hellip; <a href=\"https:\/\/3hvtt.fr\/\" class=\"more-link\">Continuer la lecture de <span class=\"screen-reader-text\">Accueil<\/span>  <span class=\"meta-nav\">&rarr;<\/span><\/a><\/p>\n","protected":false},"author":2,"featured_media":849,"parent":0,"menu_order":0,"comment_status":"closed","ping_status":"closed","template":"page-templates\/full-width.php","meta":{"jetpack_post_was_ever_published":false,"footnotes":""},"class_list":["post-1454","page","type-page","status-publish","has-post-thumbnail","hentry"],"jetpack_sharing_enabled":true,"jetpack_shortlink":"https:\/\/wp.me\/P7f8gj-ns","jetpack-related-posts":[],"_links":{"self":[{"href":"https:\/\/3hvtt.fr\/index.php\/wp-json\/wp\/v2\/pages\/1454","targetHints":{"allow":["GET"]}}],"collection":[{"href":"https:\/\/3hvtt.fr\/index.php\/wp-json\/wp\/v2\/pages"}],"about":[{"href":"https:\/\/3hvtt.fr\/index.php\/wp-json\/wp\/v2\/types\/page"}],"author":[{"embeddable":true,"href":"https:\/\/3hvtt.fr\/index.php\/wp-json\/wp\/v2\/users\/2"}],"replies":[{"embeddable":true,"href":"https:\/\/3hvtt.fr\/index.php\/wp-json\/wp\/v2\/comments?post=1454"}],"version-history":[{"count":34,"href":"https:\/\/3hvtt.fr\/index.php\/wp-json\/wp\/v2\/pages\/1454\/revisions"}],"predecessor-version":[{"id":2410,"href":"https:\/\/3hvtt.fr\/index.php\/wp-json\/wp\/v2\/pages\/1454\/revisions\/2410"}],"wp:featuredmedia":[{"embeddable":true,"href":"https:\/\/3hvtt.fr\/index.php\/wp-json\/wp\/v2\/media\/849"}],"wp:attachment":[{"href":"https:\/\/3hvtt.fr\/index.php\/wp-json\/wp\/v2\/media?parent=1454"}],"curies":[{"name":"wp","href":"https:\/\/api.w.org\/{rel}","templated":true}]}}