{"id":809,"date":"2017-05-01T14:21:51","date_gmt":"2017-05-01T13:21:51","guid":{"rendered":"http:\/\/3hvtt.fr\/?page_id=809"},"modified":"2025-04-14T22:18:10","modified_gmt":"2025-04-14T21:18:10","slug":"resultats","status":"publish","type":"page","link":"https:\/\/3hvtt.fr\/index.php\/resultats\/","title":{"rendered":"R\u00e9sultats"},"content":{"rendered":"<p><img data-recalc-dims=\"1\" loading=\"lazy\" decoding=\"async\" data-attachment-id=\"1005\" data-permalink=\"https:\/\/3hvtt.fr\/index.php\/resultats\/img_1820\/\" data-orig-file=\"https:\/\/i0.wp.com\/3hvtt.fr\/wp-content\/uploads\/2017\/04\/IMG_1820.jpg?fit=3888%2C2592&amp;ssl=1\" data-orig-size=\"3888,2592\" data-comments-opened=\"1\" data-image-meta=\"{&quot;aperture&quot;:&quot;11&quot;,&quot;credit&quot;:&quot;&quot;,&quot;camera&quot;:&quot;Canon EOS 400D DIGITAL&quot;,&quot;caption&quot;:&quot;&quot;,&quot;created_timestamp&quot;:&quot;1492954958&quot;,&quot;copyright&quot;:&quot;&quot;,&quot;focal_length&quot;:&quot;32&quot;,&quot;iso&quot;:&quot;100&quot;,&quot;shutter_speed&quot;:&quot;0.004&quot;,&quot;title&quot;:&quot;&quot;,&quot;orientation&quot;:&quot;1&quot;}\" data-image-title=\"IMG_1820\" data-image-description=\"\" data-image-caption=\"\" data-medium-file=\"https:\/\/i0.wp.com\/3hvtt.fr\/wp-content\/uploads\/2017\/04\/IMG_1820.jpg?fit=300%2C200&amp;ssl=1\" data-large-file=\"https:\/\/i0.wp.com\/3hvtt.fr\/wp-content\/uploads\/2017\/04\/IMG_1820.jpg?fit=474%2C316&amp;ssl=1\" class=\"alignnone size-medium wp-image-1005\" src=\"https:\/\/i0.wp.com\/3hvtt.fr\/wp-content\/uploads\/2017\/04\/IMG_1820.jpg?resize=300%2C200\" alt=\"\" width=\"300\" height=\"200\" srcset=\"https:\/\/i0.wp.com\/3hvtt.fr\/wp-content\/uploads\/2017\/04\/IMG_1820.jpg?resize=300%2C200&amp;ssl=1 300w, https:\/\/i0.wp.com\/3hvtt.fr\/wp-content\/uploads\/2017\/04\/IMG_1820.jpg?resize=768%2C512&amp;ssl=1 768w, https:\/\/i0.wp.com\/3hvtt.fr\/wp-content\/uploads\/2017\/04\/IMG_1820.jpg?resize=1024%2C683&amp;ssl=1 1024w, https:\/\/i0.wp.com\/3hvtt.fr\/wp-content\/uploads\/2017\/04\/IMG_1820.jpg?w=948 948w, https:\/\/i0.wp.com\/3hvtt.fr\/wp-content\/uploads\/2017\/04\/IMG_1820.jpg?w=1422 1422w\" sizes=\"auto, (max-width: 300px) 100vw, 300px\" \/><\/p>\n<p>Sur cette page vous trouverez tous les r\u00e9sultats des diff\u00e9rentes ann\u00e9es.<\/p>\n<p>Les r\u00e9sultats 2025 :\u00a0<a href=\"http:\/\/3hvtt.fr\/wp-content\/uploads\/2025\/04\/resultat-sentier-des-vaches-2025.xlsx\">R\u00e9sultats 2025<\/a><\/p>\n<p>Les r\u00e9sultats 2024 : <a href=\"http:\/\/3hvtt.fr\/wp-content\/uploads\/2024\/04\/Resultats-2024-1.xlsx\">Resultats 2024<\/a><\/p>\n<p>Les r\u00e9sultats 2023 : <a href=\"http:\/\/3hvtt.fr\/wp-content\/uploads\/2023\/09\/Resultats-2023.xlsx\">Resultats 2023<\/a><\/p>\n<p>Les r\u00e9sultats 2022 :\u00a0<a href=\"http:\/\/3hvtt.fr\/wp-content\/uploads\/2023\/04\/Resultats_-2022.xlsx\">Resultats 2022<\/a><\/p>\n<p>Les r\u00e9sultats 2019:\u00a0 <a href=\"http:\/\/3hvtt.fr\/wp-content\/uploads\/2020\/01\/Resultats-2019-1.xlsx\">Resultats 2019<\/a><\/p>\n<p>Les r\u00e9sultats 2018:<br \/>\n<a href=\"http:\/\/3hvtt.fr\/wp-content\/uploads\/2018\/04\/R\u00e9sultats-3hVTT-2018.pdf\">R\u00e9sultats 3hVTT-2018<\/a><br \/>\nCi joint le nombre de tour de chaque participants :<br \/>\n<a href=\"http:\/\/3hvtt.fr\/wp-content\/uploads\/2018\/04\/Comptage-Participants-3hVTT_2018.pdf\">Comptage Participants 3hVTT_2018<\/a><\/p>\n<p>L&rsquo;ann\u00e9e 2017<br \/>\n<a href=\"http:\/\/3hvtt.fr\/wp-content\/\/R%C3%A9sultats1%203hVTT%202017.xlsm\">Lien des r\u00e9sultats, cliquez ici!<\/a><\/p>\n","protected":false},"excerpt":{"rendered":"<p>Sur cette page vous trouverez tous les r\u00e9sultats des diff\u00e9rentes ann\u00e9es. Les r\u00e9sultats 2025 :\u00a0R\u00e9sultats 2025 Les r\u00e9sultats 2024 : Resultats 2024 Les r\u00e9sultats 2023 : Resultats 2023 Les r\u00e9sultats 2022 :\u00a0Resultats 2022 Les r\u00e9sultats 2019:\u00a0 Resultats 2019 Les r\u00e9sultats 2018: R\u00e9sultats 3hVTT-2018 Ci joint le nombre de tour de chaque participants : Comptage Participants &hellip; <a href=\"https:\/\/3hvtt.fr\/index.php\/resultats\/\" class=\"more-link\">Continuer la lecture de <span class=\"screen-reader-text\">R\u00e9sultats<\/span>  <span class=\"meta-nav\">&rarr;<\/span><\/a><\/p>\n","protected":false},"author":1,"featured_media":999,"parent":0,"menu_order":4,"comment_status":"closed","ping_status":"closed","template":"","meta":{"jetpack_post_was_ever_published":false,"footnotes":""},"class_list":["post-809","page","type-page","status-publish","has-post-thumbnail","hentry"],"jetpack_sharing_enabled":true,"jetpack_shortlink":"https:\/\/wp.me\/P7f8gj-d3","jetpack-related-posts":[],"_links":{"self":[{"href":"https:\/\/3hvtt.fr\/index.php\/wp-json\/wp\/v2\/pages\/809","targetHints":{"allow":["GET"]}}],"collection":[{"href":"https:\/\/3hvtt.fr\/index.php\/wp-json\/wp\/v2\/pages"}],"about":[{"href":"https:\/\/3hvtt.fr\/index.php\/wp-json\/wp\/v2\/types\/page"}],"author":[{"embeddable":true,"href":"https:\/\/3hvtt.fr\/index.php\/wp-json\/wp\/v2\/users\/1"}],"replies":[{"embeddable":true,"href":"https:\/\/3hvtt.fr\/index.php\/wp-json\/wp\/v2\/comments?post=809"}],"version-history":[{"count":25,"href":"https:\/\/3hvtt.fr\/index.php\/wp-json\/wp\/v2\/pages\/809\/revisions"}],"predecessor-version":[{"id":2408,"href":"https:\/\/3hvtt.fr\/index.php\/wp-json\/wp\/v2\/pages\/809\/revisions\/2408"}],"wp:featuredmedia":[{"embeddable":true,"href":"https:\/\/3hvtt.fr\/index.php\/wp-json\/wp\/v2\/media\/999"}],"wp:attachment":[{"href":"https:\/\/3hvtt.fr\/index.php\/wp-json\/wp\/v2\/media?parent=809"}],"curies":[{"name":"wp","href":"https:\/\/api.w.org\/{rel}","templated":true}]}}